{"id":1633,"date":"2019-04-11T21:22:59","date_gmt":"2019-04-11T21:22:59","guid":{"rendered":"http:\/\/danielsuarezracing.com\/?page_id=1633"},"modified":"2020-03-24T20:25:33","modified_gmt":"2020-03-24T20:25:33","slug":"off-the-track","status":"publish","type":"page","link":"https:\/\/www.danielsuarezracing.com\/es\/off-the-track\/","title":{"rendered":"Fuera de la Pista"},"content":{"rendered":"<p>\u00bfQu\u00e9 hace un adicto a la adrenalina como Daniel en su tiempo libre cuando est\u00e1 fuera de la pista? Su pasi\u00f3n favorita es restaurar autos.<\/p>\n<p>Pero, \u00bfsab\u00eda que Daniel tiene una amplia gama de otros intereses y pasatiempos cuando no est\u00e1 manejando el No. 96? Daniel aprovecha su tiempo libre fuera de la pista para disfrutar de la vida, la familia y conectarse con la naturaleza.<\/p>\n<p>Le gusta mantenerse en forma haciendo ejercicio en las instalaciones de entrenamiento de Toyota Performance Center y en bicicleta, especialmente con otros pilotos de NASCAR. Como su familia no est\u00e1 cerca, aprecia el tiempo en familia. Ya sea aqu\u00ed o en M\u00e9xico, le encanta pasar tiempo con su familia. Le gusta relajarse en la naturaleza, ya sea en una caminata o simplemente disfrutando de un paseo en la monta\u00f1a.<\/p>\n<p>&nbsp;<\/p>\n<p>Echa un vistazo a algunas de las actividades fuera de la pista de Daniel:<\/p>\n","protected":false},"excerpt":{"rendered":"<p>\u00bfQu\u00e9 hace un adicto a la adrenalina como Daniel en su tiempo libre cuando est\u00e1 fuera de la pista? Su pasi\u00f3n favorita es restaurar autos. Pero, \u00bfsab\u00eda que Daniel tiene una amplia gama de otros intereses y pasatiempos cuando no est\u00e1 manejando el No. 96? Daniel aprovecha su tiempo libre fuera de la pista para [&hellip;]<\/p>\n","protected":false},"author":2,"featured_media":1678,"parent":0,"menu_order":0,"comment_status":"closed","ping_status":"closed","template":"","meta":{"_acf_changed":false,"footnotes":""},"class_list":["post-1633","page","type-page","status-publish","has-post-thumbnail","hentry"],"acf":[],"yoast_head":"<!-- This site is optimized with the Yoast SEO plugin v26.5 - https:\/\/yoast.com\/wordpress\/plugins\/seo\/ -->\n<title>Fuera de la Pista - Daniel Su\u00e1rez<\/title>\n<meta name=\"robots\" content=\"index, follow, max-snippet:-1, max-image-preview:large, max-video-preview:-1\" \/>\n<link rel=\"canonical\" href=\"https:\/\/www.danielsuarezracing.com\/es\/off-the-track\/\" \/>\n<meta property=\"og:locale\" content=\"es_ES\" \/>\n<meta property=\"og:type\" content=\"article\" \/>\n<meta property=\"og:title\" content=\"Fuera de la Pista - Daniel Su\u00e1rez\" \/>\n<meta property=\"og:description\" content=\"\u00bfQu\u00e9 hace un adicto a la adrenalina como Daniel en su tiempo libre cuando est\u00e1 fuera de la pista? Su pasi\u00f3n favorita es restaurar autos. Pero, \u00bfsab\u00eda que Daniel tiene una amplia gama de otros intereses y pasatiempos cuando no est\u00e1 manejando el No. 96? Daniel aprovecha su tiempo libre fuera de la pista para [&hellip;]\" \/>\n<meta property=\"og:url\" content=\"https:\/\/www.danielsuarezracing.com\/es\/off-the-track\/\" \/>\n<meta property=\"og:site_name\" content=\"Daniel Su\u00e1rez\" \/>\n<meta property=\"article:modified_time\" content=\"2020-03-24T20:25:33+00:00\" \/>\n<meta property=\"og:image\" content=\"https:\/\/www.danielsuarezracing.com\/wp-content\/uploads\/2019\/04\/banner_offtheroad.jpg\" \/>\n\t<meta property=\"og:image:width\" content=\"2476\" \/>\n\t<meta property=\"og:image:height\" content=\"732\" \/>\n\t<meta property=\"og:image:type\" content=\"image\/jpeg\" \/>\n<meta name=\"twitter:card\" content=\"summary_large_image\" \/>\n<meta name=\"twitter:label1\" content=\"Est. reading time\" \/>\n\t<meta name=\"twitter:data1\" content=\"1 minute\" \/>\n<script type=\"application\/ld+json\" class=\"yoast-schema-graph\">{\"@context\":\"https:\/\/schema.org\",\"@graph\":[{\"@type\":\"WebPage\",\"@id\":\"https:\/\/www.danielsuarezracing.com\/es\/off-the-track\/\",\"url\":\"https:\/\/www.danielsuarezracing.com\/es\/off-the-track\/\",\"name\":\"Fuera de la Pista - Daniel Su\u00e1rez\",\"isPartOf\":{\"@id\":\"https:\/\/danielsuarezracing.com\/#website\"},\"primaryImageOfPage\":{\"@id\":\"https:\/\/www.danielsuarezracing.com\/es\/off-the-track\/#primaryimage\"},\"image\":{\"@id\":\"https:\/\/www.danielsuarezracing.com\/es\/off-the-track\/#primaryimage\"},\"thumbnailUrl\":\"https:\/\/www.danielsuarezracing.com\/wp-content\/uploads\/2019\/04\/banner_offtheroad.jpg\",\"datePublished\":\"2019-04-11T21:22:59+00:00\",\"dateModified\":\"2020-03-24T20:25:33+00:00\",\"breadcrumb\":{\"@id\":\"https:\/\/www.danielsuarezracing.com\/es\/off-the-track\/#breadcrumb\"},\"inLanguage\":\"es-ES\",\"potentialAction\":[{\"@type\":\"ReadAction\",\"target\":[\"https:\/\/www.danielsuarezracing.com\/es\/off-the-track\/\"]}]},{\"@type\":\"ImageObject\",\"inLanguage\":\"es-ES\",\"@id\":\"https:\/\/www.danielsuarezracing.com\/es\/off-the-track\/#primaryimage\",\"url\":\"https:\/\/www.danielsuarezracing.com\/wp-content\/uploads\/2019\/04\/banner_offtheroad.jpg\",\"contentUrl\":\"https:\/\/www.danielsuarezracing.com\/wp-content\/uploads\/2019\/04\/banner_offtheroad.jpg\",\"width\":2476,\"height\":732},{\"@type\":\"BreadcrumbList\",\"@id\":\"https:\/\/www.danielsuarezracing.com\/es\/off-the-track\/#breadcrumb\",\"itemListElement\":[{\"@type\":\"ListItem\",\"position\":1,\"name\":\"Home\",\"item\":\"https:\/\/danielsuarezracing.com\/es\/\"},{\"@type\":\"ListItem\",\"position\":2,\"name\":\"Fuera de la Pista\"}]},{\"@type\":\"WebSite\",\"@id\":\"https:\/\/danielsuarezracing.com\/#website\",\"url\":\"https:\/\/danielsuarezracing.com\/\",\"name\":\"Daniel Su\u00e1rez\",\"description\":\"\",\"potentialAction\":[{\"@type\":\"SearchAction\",\"target\":{\"@type\":\"EntryPoint\",\"urlTemplate\":\"https:\/\/danielsuarezracing.com\/?s={search_term_string}\"},\"query-input\":{\"@type\":\"PropertyValueSpecification\",\"valueRequired\":true,\"valueName\":\"search_term_string\"}}],\"inLanguage\":\"es-ES\"}]}<\/script>\n<!-- \/ Yoast SEO plugin. -->","yoast_head_json":{"title":"Fuera de la Pista - Daniel Su\u00e1rez","robots":{"index":"index","follow":"follow","max-snippet":"max-snippet:-1","max-image-preview":"max-image-preview:large","max-video-preview":"max-video-preview:-1"},"canonical":"https:\/\/www.danielsuarezracing.com\/es\/off-the-track\/","og_locale":"es_ES","og_type":"article","og_title":"Fuera de la Pista - Daniel Su\u00e1rez","og_description":"\u00bfQu\u00e9 hace un adicto a la adrenalina como Daniel en su tiempo libre cuando est\u00e1 fuera de la pista? Su pasi\u00f3n favorita es restaurar autos. Pero, \u00bfsab\u00eda que Daniel tiene una amplia gama de otros intereses y pasatiempos cuando no est\u00e1 manejando el No. 96? Daniel aprovecha su tiempo libre fuera de la pista para [&hellip;]","og_url":"https:\/\/www.danielsuarezracing.com\/es\/off-the-track\/","og_site_name":"Daniel Su\u00e1rez","article_modified_time":"2020-03-24T20:25:33+00:00","og_image":[{"width":2476,"height":732,"url":"https:\/\/www.danielsuarezracing.com\/wp-content\/uploads\/2019\/04\/banner_offtheroad.jpg","type":"image\/jpeg"}],"twitter_card":"summary_large_image","twitter_misc":{"Est. reading time":"1 minute"},"schema":{"@context":"https:\/\/schema.org","@graph":[{"@type":"WebPage","@id":"https:\/\/www.danielsuarezracing.com\/es\/off-the-track\/","url":"https:\/\/www.danielsuarezracing.com\/es\/off-the-track\/","name":"Fuera de la Pista - Daniel Su\u00e1rez","isPartOf":{"@id":"https:\/\/danielsuarezracing.com\/#website"},"primaryImageOfPage":{"@id":"https:\/\/www.danielsuarezracing.com\/es\/off-the-track\/#primaryimage"},"image":{"@id":"https:\/\/www.danielsuarezracing.com\/es\/off-the-track\/#primaryimage"},"thumbnailUrl":"https:\/\/www.danielsuarezracing.com\/wp-content\/uploads\/2019\/04\/banner_offtheroad.jpg","datePublished":"2019-04-11T21:22:59+00:00","dateModified":"2020-03-24T20:25:33+00:00","breadcrumb":{"@id":"https:\/\/www.danielsuarezracing.com\/es\/off-the-track\/#breadcrumb"},"inLanguage":"es-ES","potentialAction":[{"@type":"ReadAction","target":["https:\/\/www.danielsuarezracing.com\/es\/off-the-track\/"]}]},{"@type":"ImageObject","inLanguage":"es-ES","@id":"https:\/\/www.danielsuarezracing.com\/es\/off-the-track\/#primaryimage","url":"https:\/\/www.danielsuarezracing.com\/wp-content\/uploads\/2019\/04\/banner_offtheroad.jpg","contentUrl":"https:\/\/www.danielsuarezracing.com\/wp-content\/uploads\/2019\/04\/banner_offtheroad.jpg","width":2476,"height":732},{"@type":"BreadcrumbList","@id":"https:\/\/www.danielsuarezracing.com\/es\/off-the-track\/#breadcrumb","itemListElement":[{"@type":"ListItem","position":1,"name":"Home","item":"https:\/\/danielsuarezracing.com\/es\/"},{"@type":"ListItem","position":2,"name":"Fuera de la Pista"}]},{"@type":"WebSite","@id":"https:\/\/danielsuarezracing.com\/#website","url":"https:\/\/danielsuarezracing.com\/","name":"Daniel Su\u00e1rez","description":"","potentialAction":[{"@type":"SearchAction","target":{"@type":"EntryPoint","urlTemplate":"https:\/\/danielsuarezracing.com\/?s={search_term_string}"},"query-input":{"@type":"PropertyValueSpecification","valueRequired":true,"valueName":"search_term_string"}}],"inLanguage":"es-ES"}]}},"_links":{"self":[{"href":"https:\/\/www.danielsuarezracing.com\/es\/wp-json\/wp\/v2\/pages\/1633","targetHints":{"allow":["GET"]}}],"collection":[{"href":"https:\/\/www.danielsuarezracing.com\/es\/wp-json\/wp\/v2\/pages"}],"about":[{"href":"https:\/\/www.danielsuarezracing.com\/es\/wp-json\/wp\/v2\/types\/page"}],"author":[{"embeddable":true,"href":"https:\/\/www.danielsuarezracing.com\/es\/wp-json\/wp\/v2\/users\/2"}],"replies":[{"embeddable":true,"href":"https:\/\/www.danielsuarezracing.com\/es\/wp-json\/wp\/v2\/comments?post=1633"}],"version-history":[{"count":1,"href":"https:\/\/www.danielsuarezracing.com\/es\/wp-json\/wp\/v2\/pages\/1633\/revisions"}],"predecessor-version":[{"id":1668,"href":"https:\/\/www.danielsuarezracing.com\/es\/wp-json\/wp\/v2\/pages\/1633\/revisions\/1668"}],"wp:featuredmedia":[{"embeddable":true,"href":"https:\/\/www.danielsuarezracing.com\/es\/wp-json\/wp\/v2\/media\/1678"}],"wp:attachment":[{"href":"https:\/\/www.danielsuarezracing.com\/es\/wp-json\/wp\/v2\/media?parent=1633"}],"curies":[{"name":"wp","href":"https:\/\/api.w.org\/{rel}","templated":true}]}}